{"id":403,"date":"2019-01-23T17:54:53","date_gmt":"2019-01-23T16:54:53","guid":{"rendered":"http:\/\/brasserie-legoupil.be\/?page_id=403"},"modified":"2020-05-13T20:31:59","modified_gmt":"2020-05-13T18:31:59","slug":"les-evenements","status":"publish","type":"page","link":"https:\/\/brasserie-legoupil.be\/index.php\/les-evenements\/","title":{"rendered":"Ev\u00e9nements"},"content":{"rendered":"\n<p class=\"has-huge-font-size\"><strong>Petit Rappel<\/strong><\/p>\n\n\n\n<p class=\"has-text-color has-background has-drop-cap has-medium-font-size has-very-light-gray-color has-very-dark-gray-background-color\"> D\u00e9couvrez nos bi\u00e8res dans les magasins  de Rixensart, Genval, Rosi\u00e8res, La Hulpe.<\/p>\n\n\n\n<div class=\"wp-container-1 wp-block-group\"><div class=\"wp-block-group__inner-container\">\n<p style=\"font-size:23px\"><strong><em>Retrouver les adresses \u00e0 la page \u00ab\u00a0Info pratique\u00a0\u00bb.<\/em><\/strong>                                                                              <\/p>\n<\/div><\/div>\n\n\n\n<figure class=\"wp-block-image is-resized\"><img loading=\"lazy\" src=\"http:\/\/brasserie-legoupil.be\/wp-content\/uploads\/2020\/05\/017-017scr-1.jpg\" alt=\"\" class=\"wp-image-701\" width=\"854\" height=\"569\" srcset=\"https:\/\/brasserie-legoupil.be\/wp-content\/uploads\/2020\/05\/017-017scr-1.jpg 771w, https:\/\/brasserie-legoupil.be\/wp-content\/uploads\/2020\/05\/017-017scr-1-300x200.jpg 300w, https:\/\/brasserie-legoupil.be\/wp-content\/uploads\/2020\/05\/017-017scr-1-768x512.jpg 768w, https:\/\/brasserie-legoupil.be\/wp-content\/uploads\/2020\/05\/017-017scr-1-450x300.jpg 450w\" sizes=\"(max-width: 854px) 100vw, 854px\" \/><\/figure>\n\n\n\n<p style=\"font-size:23px\"><strong><em>Les bi\u00e8res \u00e0 la page \u00ab\u00a0Les bi\u00e8res\u00a0\u00bb<\/em><\/strong><\/p>\n","protected":false},"excerpt":{"rendered":"<p>Petit Rappel D\u00e9couvrez nos bi\u00e8res dans les magasins de Rixensart, Genval, Rosi\u00e8res, La Hulpe. Retrouver les adresses \u00e0 la page \u00ab\u00a0Info pratique\u00a0\u00bb. Les bi\u00e8res \u00e0 la page \u00ab\u00a0Les bi\u00e8res\u00a0\u00bb<\/p>\n","protected":false},"author":1,"featured_media":0,"parent":0,"menu_order":0,"comment_status":"closed","ping_status":"closed","template":"","meta":{"jetpack_post_was_ever_published":false},"jetpack_sharing_enabled":true,"jetpack_shortlink":"https:\/\/wp.me\/P8wx1S-6v","_links":{"self":[{"href":"https:\/\/brasserie-legoupil.be\/index.php\/wp-json\/wp\/v2\/pages\/403"}],"collection":[{"href":"https:\/\/brasserie-legoupil.be\/index.php\/wp-json\/wp\/v2\/pages"}],"about":[{"href":"https:\/\/brasserie-legoupil.be\/index.php\/wp-json\/wp\/v2\/types\/page"}],"author":[{"embeddable":true,"href":"https:\/\/brasserie-legoupil.be\/index.php\/wp-json\/wp\/v2\/users\/1"}],"replies":[{"embeddable":true,"href":"https:\/\/brasserie-legoupil.be\/index.php\/wp-json\/wp\/v2\/comments?post=403"}],"version-history":[{"count":12,"href":"https:\/\/brasserie-legoupil.be\/index.php\/wp-json\/wp\/v2\/pages\/403\/revisions"}],"predecessor-version":[{"id":731,"href":"https:\/\/brasserie-legoupil.be\/index.php\/wp-json\/wp\/v2\/pages\/403\/revisions\/731"}],"wp:attachment":[{"href":"https:\/\/brasserie-legoupil.be\/index.php\/wp-json\/wp\/v2\/media?parent=403"}],"curies":[{"name":"wp","href":"https:\/\/api.w.org\/{rel}","templated":true}]}}