{"id":27,"date":"2017-03-18T17:08:08","date_gmt":"2017-03-18T16:08:08","guid":{"rendered":"https:\/\/brasserielegoupil.wordpress.com\/?page_id=27"},"modified":"2020-08-19T10:42:12","modified_gmt":"2020-08-19T08:42:12","slug":"la-brasserie","status":"publish","type":"page","link":"https:\/\/brasserie-legoupil.be\/index.php\/la-brasserie\/","title":{"rendered":"La brasserie"},"content":{"rendered":"<p><img loading=\"lazy\" class=\"size-medium wp-image-391 alignleft\" src=\"http:\/\/brasserie-legoupil.be\/wp-content\/uploads\/2019\/01\/ACPA063129-300x225.jpg\" alt=\"\" width=\"300\" height=\"225\" srcset=\"https:\/\/brasserie-legoupil.be\/wp-content\/uploads\/2019\/01\/ACPA063129-300x225.jpg 300w, https:\/\/brasserie-legoupil.be\/wp-content\/uploads\/2019\/01\/ACPA063129-768x576.jpg 768w, https:\/\/brasserie-legoupil.be\/wp-content\/uploads\/2019\/01\/ACPA063129-1024x768.jpg 1024w, https:\/\/brasserie-legoupil.be\/wp-content\/uploads\/2019\/01\/ACPA063129-400x300.jpg 400w\" sizes=\"(max-width: 300px) 100vw, 300px\" \/><\/p>\n<p>La brasserie a \u00e9t\u00e9 finalis\u00e9e en mars 2017 et est ouverte depuis le 28 mai 2017 . Sa production atteint\u00a0 4 hectolitres par brassin.<\/p>\n<p>La micro-brasserie vise une distribution locale sur Rixensart et la r\u00e9gion (Bruxelles et Brabant wallon).<\/p>\n<p>La brasserie rend hommage au roman de RENART chaque bi\u00e8re prenant le nom et le caract\u00e8re d&rsquo;un protagoniste du c\u00e9l\u00e8bre r\u00e9cit m\u00e9di\u00e9val. Blanche, Blonde, Ambr\u00e9es ou Brune, ses bi\u00e8res s\u00e9duiront plus d&rsquo;un.<\/p>\n","protected":false},"excerpt":{"rendered":"<p>La brasserie a \u00e9t\u00e9 finalis\u00e9e en mars 2017 et est ouverte depuis le 28 mai 2017 . Sa production atteint\u00a0 4 hectolitres par brassin. La micro-brasserie vise une distribution locale sur Rixensart et la r\u00e9gion (Bruxelles et Brabant wallon). La brasserie rend hommage au roman de RENART chaque bi\u00e8re prenant le nom et le caract\u00e8re [&hellip;]<\/p>\n","protected":false},"author":2,"featured_media":0,"parent":0,"menu_order":0,"comment_status":"closed","ping_status":"closed","template":"","meta":{"jetpack_post_was_ever_published":false},"jetpack_sharing_enabled":true,"jetpack_shortlink":"https:\/\/wp.me\/P8wx1S-r","_links":{"self":[{"href":"https:\/\/brasserie-legoupil.be\/index.php\/wp-json\/wp\/v2\/pages\/27"}],"collection":[{"href":"https:\/\/brasserie-legoupil.be\/index.php\/wp-json\/wp\/v2\/pages"}],"about":[{"href":"https:\/\/brasserie-legoupil.be\/index.php\/wp-json\/wp\/v2\/types\/page"}],"author":[{"embeddable":true,"href":"https:\/\/brasserie-legoupil.be\/index.php\/wp-json\/wp\/v2\/users\/2"}],"replies":[{"embeddable":true,"href":"https:\/\/brasserie-legoupil.be\/index.php\/wp-json\/wp\/v2\/comments?post=27"}],"version-history":[{"count":7,"href":"https:\/\/brasserie-legoupil.be\/index.php\/wp-json\/wp\/v2\/pages\/27\/revisions"}],"predecessor-version":[{"id":835,"href":"https:\/\/brasserie-legoupil.be\/index.php\/wp-json\/wp\/v2\/pages\/27\/revisions\/835"}],"wp:attachment":[{"href":"https:\/\/brasserie-legoupil.be\/index.php\/wp-json\/wp\/v2\/media?parent=27"}],"curies":[{"name":"wp","href":"https:\/\/api.w.org\/{rel}","templated":true}]}}