{"id":158,"date":"2017-06-16T09:58:11","date_gmt":"2017-06-16T07:58:11","guid":{"rendered":"http:\/\/brasserie-legoupil.be\/?page_id=158"},"modified":"2020-09-15T10:40:54","modified_gmt":"2020-09-15T08:40:54","slug":"liens","status":"publish","type":"page","link":"https:\/\/brasserie-legoupil.be\/index.php\/liens\/","title":{"rendered":"Liens"},"content":{"rendered":"<p><a href=\"http:\/\/www.vinsdegenval\" target=\"new\" rel=\"noopener noreferrer\">Le vignoble de Genval<\/a><\/p>\n<p><strong><em>Vins de Genval\u00a0<\/em><\/strong>: Le vignoble associatif de Genval a \u00e9t\u00e9 cr\u00e9\u00e9 en 2011. Les b\u00e9n\u00e9voles s\u2019y retrouvent pour cultiver la vigne\u2026 et la convivialit\u00e9. Un seul c\u00e9page est plant\u00e9 ici : le Solaris. Il permet de r\u00e9aliser un vin blanc sec et parfois des vendanges tardives.<\/p>\n<p><img loading=\"lazy\" class=\" wp-image-876 aligncenter\" src=\"http:\/\/brasserie-legoupil.be\/wp-content\/uploads\/2020\/09\/illuetiquetteGenval7612733cllot5b.png\" alt=\"\" width=\"348\" height=\"273\" srcset=\"https:\/\/brasserie-legoupil.be\/wp-content\/uploads\/2020\/09\/illuetiquetteGenval7612733cllot5b.png 378w, https:\/\/brasserie-legoupil.be\/wp-content\/uploads\/2020\/09\/illuetiquetteGenval7612733cllot5b-300x235.png 300w\" sizes=\"(max-width: 348px) 100vw, 348px\" \/><\/p>\n<p><a href=\"http:\/\/www.si-rixensart.be\/\">syndicat d&rsquo;initiative de Rixensart<\/a><\/p>\n<p><img loading=\"lazy\" class=\"wp-image-878 aligncenter\" src=\"http:\/\/brasserie-legoupil.be\/wp-content\/uploads\/2020\/09\/logo_si_medium.jpg\" alt=\"\" width=\"433\" height=\"226\" srcset=\"https:\/\/brasserie-legoupil.be\/wp-content\/uploads\/2020\/09\/logo_si_medium.jpg 960w, https:\/\/brasserie-legoupil.be\/wp-content\/uploads\/2020\/09\/logo_si_medium-300x156.jpg 300w, https:\/\/brasserie-legoupil.be\/wp-content\/uploads\/2020\/09\/logo_si_medium-768x400.jpg 768w, https:\/\/brasserie-legoupil.be\/wp-content\/uploads\/2020\/09\/logo_si_medium-576x300.jpg 576w\" sizes=\"(max-width: 433px) 100vw, 433px\" \/><\/p>\n<p>\u00a0<\/p>\n<p><em><strong>G<em>e<\/em>nval\u00a0:<\/strong><\/em> perle des Ardennes Braban\u00e7onnes, de vall\u00e9es pliss\u00e9es \u00e0 prairies ombrag\u00e9es, ici les gens se plaise \u00e0 lui donner le nom de Val de Genevi\u00e8ve.<br \/>Mythe ou r\u00e9alit\u00e9 peu importe, en parcourant <em>Genva<\/em>l \u00e0 la recherche des derniers sgrafits vous n&rsquo;aurez aucune peine \u00e0 la retrouver.<\/p>\n<p><a href=\"http:\/\/www.rixensart.be\">admin.commune de Rixensart\u00a0<\/a> ,\u00a0 Comit\u00e9 Europ\u00e9en de Rixensart<\/p>\n<p><img loading=\"lazy\" class=\"alignnone size-full wp-image-879\" src=\"http:\/\/brasserie-legoupil.be\/wp-content\/uploads\/2020\/09\/blason_rixensart_article_wp.jpg\" alt=\"\" width=\"200\" height=\"200\" srcset=\"https:\/\/brasserie-legoupil.be\/wp-content\/uploads\/2020\/09\/blason_rixensart_article_wp.jpg 200w, https:\/\/brasserie-legoupil.be\/wp-content\/uploads\/2020\/09\/blason_rixensart_article_wp-150x150.jpg 150w\" sizes=\"(max-width: 200px) 100vw, 200px\" \/><img loading=\"lazy\" class=\"alignnone  wp-image-884\" src=\"http:\/\/brasserie-legoupil.be\/wp-content\/uploads\/2020\/09\/Comite\u0301-europe\u0301en-Rixensart_CMJN.jpg\" alt=\"\" width=\"211\" height=\"200\" srcset=\"https:\/\/brasserie-legoupil.be\/wp-content\/uploads\/2020\/09\/Comite\u0301-europe\u0301en-Rixensart_CMJN.jpg 804w, https:\/\/brasserie-legoupil.be\/wp-content\/uploads\/2020\/09\/Comite\u0301-europe\u0301en-Rixensart_CMJN-300x285.jpg 300w, https:\/\/brasserie-legoupil.be\/wp-content\/uploads\/2020\/09\/Comite\u0301-europe\u0301en-Rixensart_CMJN-768x730.jpg 768w, https:\/\/brasserie-legoupil.be\/wp-content\/uploads\/2020\/09\/Comite\u0301-europe\u0301en-Rixensart_CMJN-316x300.jpg 316w\" sizes=\"(max-width: 211px) 100vw, 211px\" \/>\u00a0<\/p>\n<p>\u00a0<\/p>\n<p><a href=\"http:\/\/www.ccrixensart.be\/\">Centre culturel de Rixensart<\/a><\/p>\n<p><img loading=\"lazy\" class=\"alignnone  wp-image-882\" src=\"http:\/\/brasserie-legoupil.be\/wp-content\/uploads\/2020\/09\/110114logocentreculturelrixensart.jpg\" alt=\"\" width=\"181\" height=\"163\" \/><\/p>\n<p><a href=\"http:\/\/www.villers-la-vigne.be\" target=\"new\" rel=\"noopener noreferrer\">Le vignoble de Villers-la-Ville<\/a><\/p>\n<p><a href=\"http:\/\/www.castlemalting.com\" target=\"new\" rel=\"noopener noreferrer\">Malterie du ch\u00e2teau<\/a><\/p>\n<p>\u00a0<\/p>\n\n\n<p><\/p>\n","protected":false},"excerpt":{"rendered":"<p>Le vignoble de Genval Vins de Genval\u00a0: Le vignoble associatif de Genval a \u00e9t\u00e9 cr\u00e9\u00e9 en 2011. Les b\u00e9n\u00e9voles s\u2019y retrouvent pour cultiver la vigne\u2026 et la convivialit\u00e9. Un seul c\u00e9page est plant\u00e9 ici : le Solaris. Il permet de r\u00e9aliser un vin blanc sec et parfois des vendanges tardives. syndicat d&rsquo;initiative de Rixensart \u00a0 [&hellip;]<\/p>\n","protected":false},"author":1,"featured_media":0,"parent":0,"menu_order":0,"comment_status":"closed","ping_status":"closed","template":"","meta":{"jetpack_post_was_ever_published":false},"jetpack_sharing_enabled":true,"jetpack_shortlink":"https:\/\/wp.me\/P8wx1S-2y","_links":{"self":[{"href":"https:\/\/brasserie-legoupil.be\/index.php\/wp-json\/wp\/v2\/pages\/158"}],"collection":[{"href":"https:\/\/brasserie-legoupil.be\/index.php\/wp-json\/wp\/v2\/pages"}],"about":[{"href":"https:\/\/brasserie-legoupil.be\/index.php\/wp-json\/wp\/v2\/types\/page"}],"author":[{"embeddable":true,"href":"https:\/\/brasserie-legoupil.be\/index.php\/wp-json\/wp\/v2\/users\/1"}],"replies":[{"embeddable":true,"href":"https:\/\/brasserie-legoupil.be\/index.php\/wp-json\/wp\/v2\/comments?post=158"}],"version-history":[{"count":8,"href":"https:\/\/brasserie-legoupil.be\/index.php\/wp-json\/wp\/v2\/pages\/158\/revisions"}],"predecessor-version":[{"id":888,"href":"https:\/\/brasserie-legoupil.be\/index.php\/wp-json\/wp\/v2\/pages\/158\/revisions\/888"}],"wp:attachment":[{"href":"https:\/\/brasserie-legoupil.be\/index.php\/wp-json\/wp\/v2\/media?parent=158"}],"curies":[{"name":"wp","href":"https:\/\/api.w.org\/{rel}","templated":true}]}}